{"id":124,"date":"2025-02-25T15:56:45","date_gmt":"2025-02-25T14:56:45","guid":{"rendered":"https:\/\/skillsup-academy.com\/index.php\/our-services\/"},"modified":"2025-04-02T16:32:25","modified_gmt":"2025-04-02T14:32:25","slug":"our-services","status":"publish","type":"page","link":"https:\/\/skillsup-academy.com\/index.php\/our-services\/","title":{"rendered":"Nos formations"},"content":{"rendered":"\t\t<div data-elementor-type=\"wp-page\" data-elementor-id=\"124\" class=\"elementor elementor-124\">\n\t\t\t\t<div class=\"elementor-element elementor-element-45e0787 e-flex e-con-boxed e-con e-parent\" data-id=\"45e0787\" data-element_type=\"container\" id=\"top\">\n\t\t\t\t\t<div class=\"e-con-inner\">\n\t\t<div class=\"elementor-element elementor-element-66e13ef e-con-full e-flex e-con e-child\" data-id=\"66e13ef\" data-element_type=\"container\">\n\t\t<div class=\"elementor-element elementor-element-1163c694 e-con-full e-flex e-con e-child\" data-id=\"1163c694\" data-element_type=\"container\" data-settings=\"{&quot;background_background&quot;:&quot;classic&quot;}\">\n\t\t\t\t<div class=\"elementor-element elementor-element-37455a3 elementor-invisible elementor-widget elementor-widget-heading\" data-id=\"37455a3\" data-element_type=\"widget\" data-settings=\"{&quot;_animation&quot;:&quot;fadeIn&quot;}\" data-widget_type=\"heading.default\">\n\t\t\t\t<div class=\"elementor-widget-container\">\n\t\t\t\t\t<h1 class=\"elementor-heading-title elementor-size-default\">\ud83d\udcda Nos formations \ud83d\udcda<\/h1>\t\t\t\t<\/div>\n\t\t\t\t<\/div>\n\t\t\t\t<div class=\"elementor-element elementor-element-3b43db54 elementor-invisible elementor-widget elementor-widget-heading\" data-id=\"3b43db54\" data-element_type=\"widget\" data-settings=\"{&quot;_animation&quot;:&quot;fadeIn&quot;,&quot;_animation_delay&quot;:400}\" data-widget_type=\"heading.default\">\n\t\t\t\t<div class=\"elementor-widget-container\">\n\t\t\t\t\t<h2 class=\"elementor-heading-title elementor-size-default\">\ud83d\ude80 Apprenez aujourd'hui,<b> r\u00e9ussissez <u>demain !<\/u><\/b> \ud83d\ude80<\/h2>\t\t\t\t<\/div>\n\t\t\t\t<\/div>\n\t\t\t\t<\/div>\n\t\t\t\t<\/div>\n\t\t<div class=\"elementor-element elementor-element-6aed414 e-con-full e-flex e-con e-child\" data-id=\"6aed414\" data-element_type=\"container\">\n\t\t\t\t<div class=\"elementor-element elementor-element-ef0a18a elementor-invisible elementor-widget elementor-widget-image\" data-id=\"ef0a18a\" data-element_type=\"widget\" data-settings=\"{&quot;_animation&quot;:&quot;fadeIn&quot;}\" data-widget_type=\"image.default\">\n\t\t\t\t<div class=\"elementor-widget-container\">\n\t\t\t\t\t\t\t\t\t\t\t\t\t\t\t<img fetchpriority=\"high\" decoding=\"async\" width=\"456\" height=\"429\" src=\"https:\/\/skillsup-academy.com\/wp-content\/uploads\/2025\/02\/Fichier-3.svg\" class=\"attachment-large size-large wp-image-275\" alt=\"Illustration\" \/>\t\t\t\t\t\t\t\t\t\t\t\t\t\t\t<\/div>\n\t\t\t\t<\/div>\n\t\t\t\t<\/div>\n\t\t\t\t\t<\/div>\n\t\t\t\t<\/div>\n\t\t<div class=\"elementor-element elementor-element-b18ebd3 e-con-full e-flex e-con e-child\" data-id=\"b18ebd3\" data-element_type=\"container\" data-settings=\"{&quot;background_background&quot;:&quot;classic&quot;}\">\n\t\t\t\t<div class=\"elementor-element elementor-element-fbed7e3 elementor-widget-divider--separator-type-pattern elementor-widget-divider--no-spacing elementor-widget-divider--view-line elementor-widget elementor-widget-divider\" data-id=\"fbed7e3\" data-element_type=\"widget\" data-widget_type=\"divider.default\">\n\t\t\t\t<div class=\"elementor-widget-container\">\n\t\t\t\t\t\t\t<div class=\"elementor-divider\" style=\"--divider-pattern-url: url(&quot;data:image\/svg+xml,%3Csvg xmlns=&#039;http:\/\/www.w3.org\/2000\/svg&#039; preserveAspectRatio=&#039;xMidYMid meet&#039; overflow=&#039;visible&#039; height=&#039;100%&#039; viewBox=&#039;0 0 126 26&#039; fill=&#039;black&#039; stroke=&#039;none&#039;%3E%3Cpath d=&#039;M3,10.2c2.6,0,2.6,2,2.6,3.2S4.4,16.5,3,16.5s-3-1.4-3-3.2S0.4,10.2,3,10.2z M18.8,10.2c1.7,0,3.2,1.4,3.2,3.2s-1.4,3.2-3.2,3.2c-1.7,0-3.2-1.4-3.2-3.2S17,10.2,18.8,10.2z M34.6,10.2c1.5,0,2.6,1.4,2.6,3.2s-0.5,3.2-1.9,3.2c-1.5,0-3.4-1.4-3.4-3.2S33.1,10.2,34.6,10.2z M50.5,10.2c1.7,0,3.2,1.4,3.2,3.2s-1.4,3.2-3.2,3.2c-1.7,0-3.3-0.9-3.3-2.6S48.7,10.2,50.5,10.2z M66.2,10.2c1.5,0,3.4,1.4,3.4,3.2s-1.9,3.2-3.4,3.2c-1.5,0-2.6-0.4-2.6-2.1S64.8,10.2,66.2,10.2z M82.2,10.2c1.7,0.8,2.6,1.4,2.6,3.2s-0.1,3.2-1.6,3.2c-1.5,0-3.7-1.4-3.7-3.2S80.5,9.4,82.2,10.2zM98.6,10.2c1.5,0,2.6,0.4,2.6,2.1s-1.2,4.2-2.6,4.2c-1.5,0-3.7-0.4-3.7-2.1S97.1,10.2,98.6,10.2z M113.4,10.2c1.2,0,2.2,0.9,2.2,3.2s-0.1,3.2-1.3,3.2s-3.1-1.4-3.1-3.2S112.2,10.2,113.4,10.2z&#039;\/%3E%3C\/svg%3E&quot;);\">\n\t\t\t<span class=\"elementor-divider-separator\">\n\t\t\t\t\t\t<\/span>\n\t\t<\/div>\n\t\t\t\t\t\t<\/div>\n\t\t\t\t<\/div>\n\t\t\t\t<\/div>\n\t\t<div class=\"elementor-element elementor-element-b1f961d e-flex e-con-boxed e-con e-parent\" data-id=\"b1f961d\" data-element_type=\"container\">\n\t\t\t\t\t<div class=\"e-con-inner\">\n\t\t<div class=\"elementor-element elementor-element-ea5c381 e-con-full e-flex e-con e-child\" data-id=\"ea5c381\" data-element_type=\"container\">\n\t\t\t\t<div class=\"elementor-element elementor-element-e4f2880 elementor-widget elementor-widget-image\" data-id=\"e4f2880\" data-element_type=\"widget\" data-widget_type=\"image.default\">\n\t\t\t\t<div class=\"elementor-widget-container\">\n\t\t\t\t\t\t\t\t\t\t\t\t\t\t\t<img decoding=\"async\" width=\"800\" height=\"421\" src=\"https:\/\/skillsup-academy.com\/wp-content\/uploads\/2025\/02\/femme-et-homme-web.svg\" class=\"attachment-large size-large wp-image-310\" alt=\"illustration Homme et femme avec des ordinateurs\" \/>\t\t\t\t\t\t\t\t\t\t\t\t\t\t\t<\/div>\n\t\t\t\t<\/div>\n\t\t\t\t<\/div>\n\t\t<div class=\"elementor-element elementor-element-f41775d e-con-full e-flex e-con e-child\" data-id=\"f41775d\" data-element_type=\"container\">\n\t\t<div class=\"elementor-element elementor-element-c7092d3 e-con-full e-flex e-con e-child\" data-id=\"c7092d3\" data-element_type=\"container\">\n\t\t\t\t<div class=\"elementor-element elementor-element-6800a5c elementor-invisible elementor-widget elementor-widget-heading\" data-id=\"6800a5c\" data-element_type=\"widget\" data-settings=\"{&quot;_animation&quot;:&quot;fadeIn&quot;}\" data-widget_type=\"heading.default\">\n\t\t\t\t<div class=\"elementor-widget-container\">\n\t\t\t\t\t<h3 class=\"elementor-heading-title elementor-size-default\">\ud83d\udcda Choisissez votre mode d'apprentissage selon vos besoins ! \ud83d\ude80<\/h3>\t\t\t\t<\/div>\n\t\t\t\t<\/div>\n\t\t\t\t<\/div>\n\t\t<div class=\"elementor-element elementor-element-f3f3b18 e-con-full e-flex e-con e-child\" data-id=\"f3f3b18\" data-element_type=\"container\">\n\t\t\t\t<div class=\"elementor-element elementor-element-b63d430 elementor-invisible elementor-widget elementor-widget-heading\" data-id=\"b63d430\" data-element_type=\"widget\" data-settings=\"{&quot;_animation&quot;:&quot;fadeIn&quot;,&quot;_animation_delay&quot;:400}\" data-widget_type=\"heading.default\">\n\t\t\t\t<div class=\"elementor-widget-container\">\n\t\t\t\t\t<h2 class=\"elementor-heading-title elementor-size-default\"><p data-start=\"0\" data-end=\"69\"><span style=\"letter-spacing: 0px; word-spacing: var( --e-global-typography-primary-word-spacing );\">Chez <\/span><strong data-start=\"76\" data-end=\"97\" style=\"letter-spacing: 0px; word-spacing: var( --e-global-typography-primary-word-spacing );\">Skills Up Academy<\/strong><span style=\"letter-spacing: 0px; word-spacing: var( --e-global-typography-primary-word-spacing );\"> , nous vous proposons deux formats de formation adapt\u00e9s \u00e0 votre rythme et \u00e0 votre mode d'apprentissage :<\/span><\/p><p data-start=\"203\" data-end=\"350\">-\ud83d\udce1 <strong data-start=\"206\" data-end=\"246\">Formation 100% en ligne (E-learning)<\/strong> <i>\u2013 Apprenez o\u00f9 et quand vous voulez, \u00e0 votre rythme, avec un acc\u00e8s illimit\u00e9 aux contenus p\u00e9dagogiques.<\/i><\/p><p data-start=\"352\" data-end=\"537\">-\ud83d\udccd <strong data-start=\"355\" data-end=\"402\">Formation Hybride (Pr\u00e9sentiel + Distanciel)<\/strong> <i>\u2013 Profitez d'un accompagnement combinant cours en ligne et sessions en direct pour un apprentissage plus interactif et personnalis\u00e9.<\/i><span style=\"letter-spacing: 0px; word-spacing: var( --e-global-typography-primary-word-spacing );\"><\/span><\/p><\/h2>\t\t\t\t<\/div>\n\t\t\t\t<\/div>\n\t\t\t\t<\/div>\n\t\t\t\t<\/div>\n\t\t\t\t\t<\/div>\n\t\t\t\t<\/div>\n\t\t<div class=\"elementor-element elementor-element-c17528c e-flex e-con-boxed e-con e-parent\" data-id=\"c17528c\" data-element_type=\"container\" data-settings=\"{&quot;background_background&quot;:&quot;classic&quot;}\">\n\t\t\t\t\t<div class=\"e-con-inner\">\n\t\t<div class=\"elementor-element elementor-element-f858fe4 e-con-full e-flex e-con e-child\" data-id=\"f858fe4\" data-element_type=\"container\">\n\t\t\t\t<div class=\"elementor-element elementor-element-66457a4 elementor-widget elementor-widget-image\" data-id=\"66457a4\" data-element_type=\"widget\" data-widget_type=\"image.default\">\n\t\t\t\t<div class=\"elementor-widget-container\">\n\t\t\t\t\t\t\t\t\t\t\t\t\t\t\t<img decoding=\"async\" width=\"800\" height=\"534\" src=\"https:\/\/skillsup-academy.com\/wp-content\/uploads\/2025\/03\/pexels-shvets-production-7516347-1024x683.jpg\" class=\"attachment-large size-large wp-image-386\" alt=\"Cours distanciels\" srcset=\"https:\/\/skillsup-academy.com\/wp-content\/uploads\/2025\/03\/pexels-shvets-production-7516347-1024x683.jpg 1024w, https:\/\/skillsup-academy.com\/wp-content\/uploads\/2025\/03\/pexels-shvets-production-7516347-300x200.jpg 300w, https:\/\/skillsup-academy.com\/wp-content\/uploads\/2025\/03\/pexels-shvets-production-7516347-768x512.jpg 768w, https:\/\/skillsup-academy.com\/wp-content\/uploads\/2025\/03\/pexels-shvets-production-7516347-1536x1024.jpg 1536w, https:\/\/skillsup-academy.com\/wp-content\/uploads\/2025\/03\/pexels-shvets-production-7516347-2048x1365.jpg 2048w\" sizes=\"(max-width: 800px) 100vw, 800px\" \/>\t\t\t\t\t\t\t\t\t\t\t\t\t\t\t<\/div>\n\t\t\t\t<\/div>\n\t\t\t\t<\/div>\n\t\t<div class=\"elementor-element elementor-element-9a5fab4 e-con-full e-flex e-con e-child\" data-id=\"9a5fab4\" data-element_type=\"container\">\n\t\t<div class=\"elementor-element elementor-element-125d38e e-con-full e-flex e-con e-child\" data-id=\"125d38e\" data-element_type=\"container\">\n\t\t\t\t<div class=\"elementor-element elementor-element-9f9d06f elementor-widget elementor-widget-heading\" data-id=\"9f9d06f\" data-element_type=\"widget\" data-widget_type=\"heading.default\">\n\t\t\t\t<div class=\"elementor-widget-container\">\n\t\t\t\t\t<h2 class=\"elementor-heading-title elementor-size-default\">\ud83d\udcbb Apprenez o\u00f9 et quand vous voulez !<\/h2>\t\t\t\t<\/div>\n\t\t\t\t<\/div>\n\t\t\t\t<\/div>\n\t\t<div class=\"elementor-element elementor-element-7060e5f e-con-full e-flex e-con e-child\" data-id=\"7060e5f\" data-element_type=\"container\">\n\t\t\t\t<div class=\"elementor-element elementor-element-5a297e0 elementor-widget elementor-widget-text-editor\" data-id=\"5a297e0\" data-element_type=\"widget\" data-widget_type=\"text-editor.default\">\n\t\t\t\t<div class=\"elementor-widget-container\">\n\t\t\t\t\t\t\t\t\t<p>Nos <b><u>formations en ligne<\/u><\/b> s&#8217;adressent \u00e0 tous ceux qui souhaitent se former \u00e0 leur rythme, depuis chez eux ou en d\u00e9placement.&nbsp;<\/p>\n<p>Que vous soyez d\u00e9butant, en reconversion professionnelle ou \u00e0 la recherche de nouvelles comp\u00e9tences pour booster votre carri\u00e8re, nos modules en ligne sont faits pour vous !<\/p>\t\t\t\t\t\t\t\t<\/div>\n\t\t\t\t<\/div>\n\t\t\t\t<\/div>\n\t\t<div class=\"elementor-element elementor-element-50093c1 e-con-full e-flex e-con e-child\" data-id=\"50093c1\" data-element_type=\"container\">\n\t\t\t\t<div class=\"elementor-element elementor-element-b2db051 elementor-widget elementor-widget-button\" data-id=\"b2db051\" data-element_type=\"widget\" data-widget_type=\"button.default\">\n\t\t\t\t<div class=\"elementor-widget-container\">\n\t\t\t\t\t\t\t\t\t<div class=\"elementor-button-wrapper\">\n\t\t\t\t\t<a class=\"elementor-button elementor-button-link elementor-size-sm\" href=\"https:\/\/skillsup-academy.com\/index.php\/formations-100-en-ligne\/\">\n\t\t\t\t\t\t<span class=\"elementor-button-content-wrapper\">\n\t\t\t\t\t\t\t\t\t<span class=\"elementor-button-text\">Voir plus ...<\/span>\n\t\t\t\t\t<\/span>\n\t\t\t\t\t<\/a>\n\t\t\t\t<\/div>\n\t\t\t\t\t\t\t\t<\/div>\n\t\t\t\t<\/div>\n\t\t\t\t<\/div>\n\t\t\t\t<\/div>\n\t\t\t\t\t<\/div>\n\t\t\t\t<\/div>\n\t\t<div class=\"elementor-element elementor-element-7a06494 e-flex e-con-boxed e-con e-parent\" data-id=\"7a06494\" data-element_type=\"container\" data-settings=\"{&quot;background_background&quot;:&quot;classic&quot;}\">\n\t\t\t\t\t<div class=\"e-con-inner\">\n\t\t\t\t<div class=\"elementor-element elementor-element-cdb26d0 elementor-widget-divider--separator-type-pattern elementor-widget-divider--no-spacing elementor-widget-divider--view-line elementor-widget elementor-widget-divider\" data-id=\"cdb26d0\" data-element_type=\"widget\" data-widget_type=\"divider.default\">\n\t\t\t\t<div class=\"elementor-widget-container\">\n\t\t\t\t\t\t\t<div class=\"elementor-divider\" style=\"--divider-pattern-url: url(&quot;data:image\/svg+xml,%3Csvg xmlns=&#039;http:\/\/www.w3.org\/2000\/svg&#039; preserveAspectRatio=&#039;xMidYMid meet&#039; overflow=&#039;visible&#039; height=&#039;100%&#039; viewBox=&#039;0 0 126 26&#039; fill=&#039;black&#039; stroke=&#039;none&#039;%3E%3Cpath d=&#039;M3,10.2c2.6,0,2.6,2,2.6,3.2S4.4,16.5,3,16.5s-3-1.4-3-3.2S0.4,10.2,3,10.2z M18.8,10.2c1.7,0,3.2,1.4,3.2,3.2s-1.4,3.2-3.2,3.2c-1.7,0-3.2-1.4-3.2-3.2S17,10.2,18.8,10.2z M34.6,10.2c1.5,0,2.6,1.4,2.6,3.2s-0.5,3.2-1.9,3.2c-1.5,0-3.4-1.4-3.4-3.2S33.1,10.2,34.6,10.2z M50.5,10.2c1.7,0,3.2,1.4,3.2,3.2s-1.4,3.2-3.2,3.2c-1.7,0-3.3-0.9-3.3-2.6S48.7,10.2,50.5,10.2z M66.2,10.2c1.5,0,3.4,1.4,3.4,3.2s-1.9,3.2-3.4,3.2c-1.5,0-2.6-0.4-2.6-2.1S64.8,10.2,66.2,10.2z M82.2,10.2c1.7,0.8,2.6,1.4,2.6,3.2s-0.1,3.2-1.6,3.2c-1.5,0-3.7-1.4-3.7-3.2S80.5,9.4,82.2,10.2zM98.6,10.2c1.5,0,2.6,0.4,2.6,2.1s-1.2,4.2-2.6,4.2c-1.5,0-3.7-0.4-3.7-2.1S97.1,10.2,98.6,10.2z M113.4,10.2c1.2,0,2.2,0.9,2.2,3.2s-0.1,3.2-1.3,3.2s-3.1-1.4-3.1-3.2S112.2,10.2,113.4,10.2z&#039;\/%3E%3C\/svg%3E&quot;);\">\n\t\t\t<span class=\"elementor-divider-separator\">\n\t\t\t\t\t\t<\/span>\n\t\t<\/div>\n\t\t\t\t\t\t<\/div>\n\t\t\t\t<\/div>\n\t\t\t\t\t<\/div>\n\t\t\t\t<\/div>\n\t\t<div class=\"elementor-element elementor-element-5153c9c e-flex e-con-boxed e-con e-parent\" data-id=\"5153c9c\" data-element_type=\"container\" data-settings=\"{&quot;background_background&quot;:&quot;classic&quot;}\">\n\t\t\t\t\t<div class=\"e-con-inner\">\n\t\t<div class=\"elementor-element elementor-element-1d71643 e-con-full e-flex e-con e-child\" data-id=\"1d71643\" data-element_type=\"container\">\n\t\t\t\t<div class=\"elementor-element elementor-element-bf03060 elementor-widget elementor-widget-image\" data-id=\"bf03060\" data-element_type=\"widget\" data-widget_type=\"image.default\">\n\t\t\t\t<div class=\"elementor-widget-container\">\n\t\t\t\t\t\t\t\t\t\t\t\t\t\t\t<img loading=\"lazy\" decoding=\"async\" width=\"800\" height=\"534\" src=\"https:\/\/skillsup-academy.com\/wp-content\/uploads\/2025\/03\/pexels-rdne-8369779-1-1024x683.jpg\" class=\"attachment-large size-large wp-image-384\" alt=\"cours hybrides\" srcset=\"https:\/\/skillsup-academy.com\/wp-content\/uploads\/2025\/03\/pexels-rdne-8369779-1-1024x683.jpg 1024w, https:\/\/skillsup-academy.com\/wp-content\/uploads\/2025\/03\/pexels-rdne-8369779-1-300x200.jpg 300w, https:\/\/skillsup-academy.com\/wp-content\/uploads\/2025\/03\/pexels-rdne-8369779-1-768x512.jpg 768w, https:\/\/skillsup-academy.com\/wp-content\/uploads\/2025\/03\/pexels-rdne-8369779-1-1536x1024.jpg 1536w\" sizes=\"(max-width: 800px) 100vw, 800px\" \/>\t\t\t\t\t\t\t\t\t\t\t\t\t\t\t<\/div>\n\t\t\t\t<\/div>\n\t\t\t\t<\/div>\n\t\t<div class=\"elementor-element elementor-element-84b81f9 e-con-full e-flex e-con e-child\" data-id=\"84b81f9\" data-element_type=\"container\">\n\t\t<div class=\"elementor-element elementor-element-cd99aca e-con-full e-flex e-con e-child\" data-id=\"cd99aca\" data-element_type=\"container\">\n\t\t\t\t<div class=\"elementor-element elementor-element-73e2a11 elementor-widget elementor-widget-heading\" data-id=\"73e2a11\" data-element_type=\"widget\" data-widget_type=\"heading.default\">\n\t\t\t\t<div class=\"elementor-widget-container\">\n\t\t\t\t\t<h2 class=\"elementor-heading-title elementor-size-default\">\ud83d\ude80 Le meilleur des deux mondes !<\/h2>\t\t\t\t<\/div>\n\t\t\t\t<\/div>\n\t\t\t\t<\/div>\n\t\t<div class=\"elementor-element elementor-element-d3df4b3 e-con-full e-flex e-con e-child\" data-id=\"d3df4b3\" data-element_type=\"container\">\n\t\t\t\t<div class=\"elementor-element elementor-element-2729de2 elementor-widget elementor-widget-text-editor\" data-id=\"2729de2\" data-element_type=\"widget\" data-widget_type=\"text-editor.default\">\n\t\t\t\t<div class=\"elementor-widget-container\">\n\t\t\t\t\t\t\t\t\t<p>Id\u00e9al pour ceux qui pr\u00e9f\u00e8rent un apprentissage plus encadr\u00e9 et interactif, nos <b><u>formations hybrides offrent une combinaison parfaite entre cours en<\/u><\/b><u> <\/u><b><u>ligne et sessions en direct.&nbsp;<\/u><\/b><\/p>\n<p>Que vous soyez \u00e9tudiant, professionnel ou entrepreneur, profitez d\u2019un accompagnement personnalis\u00e9 et d\u2019\u00e9changes enrichissants avec des experts du domaine.<\/p>\t\t\t\t\t\t\t\t<\/div>\n\t\t\t\t<\/div>\n\t\t\t\t<\/div>\n\t\t<div class=\"elementor-element elementor-element-e075987 e-con-full e-flex e-con e-child\" data-id=\"e075987\" data-element_type=\"container\">\n\t\t\t\t<div class=\"elementor-element elementor-element-70c247b elementor-widget elementor-widget-button\" data-id=\"70c247b\" data-element_type=\"widget\" data-widget_type=\"button.default\">\n\t\t\t\t<div class=\"elementor-widget-container\">\n\t\t\t\t\t\t\t\t\t<div class=\"elementor-button-wrapper\">\n\t\t\t\t\t<a class=\"elementor-button elementor-button-link elementor-size-sm\" href=\"https:\/\/skillsup-academy.com\/index.php\/formations-hybrides\/\">\n\t\t\t\t\t\t<span class=\"elementor-button-content-wrapper\">\n\t\t\t\t\t\t\t\t\t<span class=\"elementor-button-text\">Voir plus ...<\/span>\n\t\t\t\t\t<\/span>\n\t\t\t\t\t<\/a>\n\t\t\t\t<\/div>\n\t\t\t\t\t\t\t\t<\/div>\n\t\t\t\t<\/div>\n\t\t\t\t<\/div>\n\t\t\t\t<\/div>\n\t\t\t\t\t<\/div>\n\t\t\t\t<\/div>\n\t\t<div class=\"elementor-element elementor-element-2d84031 e-flex e-con-boxed e-con e-parent\" data-id=\"2d84031\" data-element_type=\"container\">\n\t\t\t\t\t<div class=\"e-con-inner\">\n\t\t\t\t<div class=\"elementor-element elementor-element-bd64aff elementor-view-default elementor-widget elementor-widget-icon\" data-id=\"bd64aff\" data-element_type=\"widget\" data-widget_type=\"icon.default\">\n\t\t\t\t<div class=\"elementor-widget-container\">\n\t\t\t\t\t\t\t<div class=\"elementor-icon-wrapper\">\n\t\t\t<a class=\"elementor-icon\" href=\"#top\">\n\t\t\t<svg aria-hidden=\"true\" class=\"e-font-icon-svg e-fas-chevron-circle-up\" viewBox=\"0 0 512 512\" xmlns=\"http:\/\/www.w3.org\/2000\/svg\"><path d=\"M8 256C8 119 119 8 256 8s248 111 248 248-111 248-248 248S8 393 8 256zm231-113.9L103.5 277.6c-9.4 9.4-9.4 24.6 0 33.9l17 17c9.4 9.4 24.6 9.4 33.9 0L256 226.9l101.6 101.6c9.4 9.4 24.6 9.4 33.9 0l17-17c9.4-9.4 9.4-24.6 0-33.9L273 142.1c-9.4-9.4-24.6-9.4-34 0z\"><\/path><\/svg>\t\t\t<\/a>\n\t\t<\/div>\n\t\t\t\t\t\t<\/div>\n\t\t\t\t<\/div>\n\t\t\t\t\t<\/div>\n\t\t\t\t<\/div>\n\t\t\t\t<\/div>\n\t\t","protected":false},"excerpt":{"rendered":"<p>\ud83d\udcda Nos formations \ud83d\udcda \ud83d\ude80 Apprenez aujourd&#8217;hui, r\u00e9ussissez demain ! \ud83d\ude80 \ud83d\udcda Choisissez votre mode d&#8217;apprentissage selon vos besoins ! \ud83d\ude80 Chez Skills Up Academy , nous vous proposons deux formats de formation adapt\u00e9s \u00e0 votre rythme et \u00e0 votre mode d&#8217;apprentissage : -\ud83d\udce1 Formation 100% en ligne (E-learning) \u2013 Apprenez o\u00f9 et quand vous [&hellip;]<\/p>\n","protected":false},"author":1,"featured_media":0,"parent":0,"menu_order":0,"comment_status":"closed","ping_status":"closed","template":"elementor_header_footer","meta":{"footnotes":""},"class_list":["post-124","page","type-page","status-publish","hentry"],"_links":{"self":[{"href":"https:\/\/skillsup-academy.com\/index.php\/wp-json\/wp\/v2\/pages\/124","targetHints":{"allow":["GET"]}}],"collection":[{"href":"https:\/\/skillsup-academy.com\/index.php\/wp-json\/wp\/v2\/pages"}],"about":[{"href":"https:\/\/skillsup-academy.com\/index.php\/wp-json\/wp\/v2\/types\/page"}],"author":[{"embeddable":true,"href":"https:\/\/skillsup-academy.com\/index.php\/wp-json\/wp\/v2\/users\/1"}],"replies":[{"embeddable":true,"href":"https:\/\/skillsup-academy.com\/index.php\/wp-json\/wp\/v2\/comments?post=124"}],"version-history":[{"count":142,"href":"https:\/\/skillsup-academy.com\/index.php\/wp-json\/wp\/v2\/pages\/124\/revisions"}],"predecessor-version":[{"id":700,"href":"https:\/\/skillsup-academy.com\/index.php\/wp-json\/wp\/v2\/pages\/124\/revisions\/700"}],"wp:attachment":[{"href":"https:\/\/skillsup-academy.com\/index.php\/wp-json\/wp\/v2\/media?parent=124"}],"curies":[{"name":"wp","href":"https:\/\/api.w.org\/{rel}","templated":true}]}}