{"id":462,"date":"2025-03-24T15:15:12","date_gmt":"2025-03-24T14:15:12","guid":{"rendered":"https:\/\/skillsup-academy.com\/?page_id=462"},"modified":"2025-03-25T16:16:22","modified_gmt":"2025-03-25T15:16:22","slug":"formations-hybrides","status":"publish","type":"page","link":"https:\/\/skillsup-academy.com\/index.php\/formations-hybrides\/","title":{"rendered":"Formations Hybrides"},"content":{"rendered":"\t\t<div data-elementor-type=\"wp-page\" data-elementor-id=\"462\" class=\"elementor elementor-462\">\n\t\t\t\t<div class=\"elementor-element elementor-element-cc1d26c e-flex e-con-boxed e-con e-parent\" data-id=\"cc1d26c\" data-element_type=\"container\" data-settings=\"{&quot;background_background&quot;:&quot;classic&quot;}\">\n\t\t\t\t\t<div class=\"e-con-inner\">\n\t\t<div class=\"elementor-element elementor-element-04e4add e-con-full e-flex e-con e-child\" data-id=\"04e4add\" data-element_type=\"container\" data-settings=\"{&quot;background_background&quot;:&quot;classic&quot;}\">\n\t\t\t\t<div class=\"elementor-element elementor-element-8056089 elementor-widget elementor-widget-heading\" data-id=\"8056089\" data-element_type=\"widget\" data-widget_type=\"heading.default\">\n\t\t\t\t<div class=\"elementor-widget-container\">\n\t\t\t\t\t<h2 class=\"elementor-heading-title elementor-size-default\">\ud83d\udd01 <strong data-start=\"143\" data-end=\"175\">Nos formations Hybrides <\/strong>\ud83d\udd01<br><\/h2>\t\t\t\t<\/div>\n\t\t\t\t<\/div>\n\t\t\t\t<\/div>\n\t\t<div class=\"elementor-element elementor-element-5956c7b e-con-full e-flex e-con e-child\" data-id=\"5956c7b\" data-element_type=\"container\">\n\t\t\t\t<div class=\"elementor-element elementor-element-57d2131 elementor-widget elementor-widget-image\" data-id=\"57d2131\" data-element_type=\"widget\" data-widget_type=\"image.default\">\n\t\t\t\t<div class=\"elementor-widget-container\">\n\t\t\t\t\t\t\t\t\t\t\t\t\t\t\t<img fetchpriority=\"high\" decoding=\"async\" width=\"595\" height=\"841\" src=\"https:\/\/skillsup-academy.com\/wp-content\/uploads\/2025\/03\/hybride.svg\" class=\"attachment-full size-full wp-image-468\" alt=\"\" \/>\t\t\t\t\t\t\t\t\t\t\t\t\t\t\t<\/div>\n\t\t\t\t<\/div>\n\t\t\t\t<\/div>\n\t\t\t\t\t<\/div>\n\t\t\t\t<\/div>\n\t\t<div class=\"elementor-element elementor-element-cf50b27 e-flex e-con-boxed e-con e-parent\" data-id=\"cf50b27\" data-element_type=\"container\">\n\t\t\t\t\t<div class=\"e-con-inner\">\n\t\t<div class=\"elementor-element elementor-element-0ce138e e-con-full e-flex e-con e-child\" data-id=\"0ce138e\" data-element_type=\"container\">\n\t\t\t\t<div class=\"elementor-element elementor-element-0b0b059 elementor-arrows-position-outside elementor-pagination-position-outside elementor-widget elementor-widget-image-carousel\" data-id=\"0b0b059\" data-element_type=\"widget\" data-settings=\"{&quot;slides_to_show&quot;:&quot;1&quot;,&quot;navigation&quot;:&quot;both&quot;,&quot;infinite&quot;:&quot;yes&quot;,&quot;effect&quot;:&quot;slide&quot;,&quot;speed&quot;:500}\" data-widget_type=\"image-carousel.default\">\n\t\t\t\t<div class=\"elementor-widget-container\">\n\t\t\t\t\t\t\t<div class=\"elementor-image-carousel-wrapper swiper\" role=\"region\" aria-roledescription=\"carousel\" aria-label=\"Carrousel d\u2019images\" dir=\"ltr\">\n\t\t\t<div class=\"elementor-image-carousel swiper-wrapper\" aria-live=\"polite\">\n\t\t\t\t\t\t\t\t<div class=\"swiper-slide\" role=\"group\" aria-roledescription=\"slide\" aria-label=\"1 of 7\"><figure class=\"swiper-slide-inner\"><img decoding=\"async\" class=\"swiper-slide-image\" src=\"https:\/\/skillsup-academy.com\/wp-content\/uploads\/2025\/03\/1-2.jpg\" alt=\"1\" \/><\/figure><\/div><div class=\"swiper-slide\" role=\"group\" aria-roledescription=\"slide\" aria-label=\"2 of 7\"><figure class=\"swiper-slide-inner\"><img decoding=\"async\" class=\"swiper-slide-image\" src=\"https:\/\/skillsup-academy.com\/wp-content\/uploads\/2025\/03\/2-2.jpg\" alt=\"2\" \/><\/figure><\/div><div class=\"swiper-slide\" role=\"group\" aria-roledescription=\"slide\" aria-label=\"3 of 7\"><figure class=\"swiper-slide-inner\"><img decoding=\"async\" class=\"swiper-slide-image\" src=\"https:\/\/skillsup-academy.com\/wp-content\/uploads\/2025\/03\/3-2.jpg\" alt=\"3\" \/><\/figure><\/div><div class=\"swiper-slide\" role=\"group\" aria-roledescription=\"slide\" aria-label=\"4 of 7\"><figure class=\"swiper-slide-inner\"><img decoding=\"async\" class=\"swiper-slide-image\" src=\"https:\/\/skillsup-academy.com\/wp-content\/uploads\/2025\/03\/4-2.jpg\" alt=\"4\" \/><\/figure><\/div><div class=\"swiper-slide\" role=\"group\" aria-roledescription=\"slide\" aria-label=\"5 of 7\"><figure class=\"swiper-slide-inner\"><img decoding=\"async\" class=\"swiper-slide-image\" src=\"https:\/\/skillsup-academy.com\/wp-content\/uploads\/2025\/03\/5-2.jpg\" alt=\"5\" \/><\/figure><\/div><div class=\"swiper-slide\" role=\"group\" aria-roledescription=\"slide\" aria-label=\"6 of 7\"><figure class=\"swiper-slide-inner\"><img decoding=\"async\" class=\"swiper-slide-image\" src=\"https:\/\/skillsup-academy.com\/wp-content\/uploads\/2025\/03\/6-2.jpg\" alt=\"6\" \/><\/figure><\/div><div class=\"swiper-slide\" role=\"group\" aria-roledescription=\"slide\" aria-label=\"7 of 7\"><figure class=\"swiper-slide-inner\"><img decoding=\"async\" class=\"swiper-slide-image\" src=\"https:\/\/skillsup-academy.com\/wp-content\/uploads\/2025\/03\/7-2.jpg\" alt=\"7\" \/><\/figure><\/div>\t\t\t<\/div>\n\t\t\t\t\t\t\t\t\t\t\t\t<div class=\"elementor-swiper-button elementor-swiper-button-prev\" role=\"button\" tabindex=\"0\">\n\t\t\t\t\t\t<svg aria-hidden=\"true\" class=\"e-font-icon-svg e-fas-arrow-circle-left\" viewBox=\"0 0 512 512\" xmlns=\"http:\/\/www.w3.org\/2000\/svg\"><path d=\"M256 504C119 504 8 393 8 256S119 8 256 8s248 111 248 248-111 248-248 248zm28.9-143.6L209.4 288H392c13.3 0 24-10.7 24-24v-16c0-13.3-10.7-24-24-24H209.4l75.5-72.4c9.7-9.3 9.9-24.8.4-34.3l-11-10.9c-9.4-9.4-24.6-9.4-33.9 0L107.7 239c-9.4 9.4-9.4 24.6 0 33.9l132.7 132.7c9.4 9.4 24.6 9.4 33.9 0l11-10.9c9.5-9.5 9.3-25-.4-34.3z\"><\/path><\/svg>\t\t\t\t\t<\/div>\n\t\t\t\t\t<div class=\"elementor-swiper-button elementor-swiper-button-next\" role=\"button\" tabindex=\"0\">\n\t\t\t\t\t\t<svg aria-hidden=\"true\" class=\"e-font-icon-svg e-fas-arrow-circle-right\" viewBox=\"0 0 512 512\" xmlns=\"http:\/\/www.w3.org\/2000\/svg\"><path d=\"M256 8c137 0 248 111 248 248S393 504 256 504 8 393 8 256 119 8 256 8zm-28.9 143.6l75.5 72.4H120c-13.3 0-24 10.7-24 24v16c0 13.3 10.7 24 24 24h182.6l-75.5 72.4c-9.7 9.3-9.9 24.8-.4 34.3l11 10.9c9.4 9.4 24.6 9.4 33.9 0L404.3 273c9.4-9.4 9.4-24.6 0-33.9L271.6 106.3c-9.4-9.4-24.6-9.4-33.9 0l-11 10.9c-9.5 9.6-9.3 25.1.4 34.4z\"><\/path><\/svg>\t\t\t\t\t<\/div>\n\t\t\t\t\n\t\t\t\t\t\t\t\t\t<div class=\"swiper-pagination\"><\/div>\n\t\t\t\t\t\t\t\t\t<\/div>\n\t\t\t\t\t\t<\/div>\n\t\t\t\t<\/div>\n\t\t\t\t<\/div>\n\t\t<div class=\"elementor-element elementor-element-f82435f e-con-full e-flex e-con e-child\" data-id=\"f82435f\" data-element_type=\"container\">\n\t\t<div class=\"elementor-element elementor-element-74841b0 e-con-full e-flex e-con e-child\" data-id=\"74841b0\" data-element_type=\"container\">\n\t\t\t\t<div class=\"elementor-element elementor-element-06d69d1 elementor-widget elementor-widget-heading\" data-id=\"06d69d1\" data-element_type=\"widget\" data-widget_type=\"heading.default\">\n\t\t\t\t<div class=\"elementor-widget-container\">\n\t\t\t\t\t<h2 class=\"elementor-heading-title elementor-size-default\">Entre th\u00e9orie et pratique, vivez la formation autrement \ud83e\udd1d<\/h2>\t\t\t\t<\/div>\n\t\t\t\t<\/div>\n\t\t\t\t<\/div>\n\t\t<div class=\"elementor-element elementor-element-e00a872 e-con-full e-flex e-con e-child\" data-id=\"e00a872\" data-element_type=\"container\">\n\t\t\t\t<div class=\"elementor-element elementor-element-35ba2da elementor-widget elementor-widget-text-editor\" data-id=\"35ba2da\" data-element_type=\"widget\" data-widget_type=\"text-editor.default\">\n\t\t\t\t<div class=\"elementor-widget-container\">\n\t\t\t\t\t\t\t\t\t<p class=\"\" data-start=\"91\" data-end=\"223\">\ud83d\udcda Nos <strong>formations hybrides<\/strong> <span style=\"text-decoration: underline;\"><strong>allient autonomie et temps d\u2019\u00e9change en pr\u00e9sentiel<\/strong><\/span> ou en visio pour un apprentissage complet et efficace.<\/p><p class=\"\" data-start=\"225\" data-end=\"399\">\ud83e\uddd1\u200d\ud83d\udcbb Vous <span style=\"text-decoration: underline;\">avancez \u00e0 votre rythme<\/span> sur les contenus en ligne, tout en<span style=\"text-decoration: underline;\"> b\u00e9n\u00e9ficiant de s\u00e9ances interactives pour pratiquer<\/span>, poser vos questions et approfondir vos connaissances.<\/p><p class=\"\" data-start=\"401\" data-end=\"536\">\ud83e\udd1d Un <span style=\"text-decoration: underline;\"><strong>\u00e9quilibre id\u00e9al entre flexibilit\u00e9 et accompagnement<\/strong><\/span>, pour apprendre, progresser et concr\u00e9tiser vos projets en conditions r\u00e9elles.<\/p>\t\t\t\t\t\t\t\t<\/div>\n\t\t\t\t<\/div>\n\t\t\t\t<\/div>\n\t\t\t\t<\/div>\n\t\t\t\t\t<\/div>\n\t\t\t\t<\/div>\n\t\t<div class=\"elementor-element elementor-element-e92a4f2 e-flex e-con-boxed e-con e-parent\" data-id=\"e92a4f2\" data-element_type=\"container\">\n\t\t\t\t\t<div class=\"e-con-inner\">\n\t\t<div class=\"elementor-element elementor-element-081c6b7 e-con-full e-flex e-con e-child\" data-id=\"081c6b7\" data-element_type=\"container\" data-settings=\"{&quot;background_background&quot;:&quot;classic&quot;}\">\n\t\t<div class=\"elementor-element elementor-element-50fb716 e-con-full e-flex e-con e-child\" data-id=\"50fb716\" data-element_type=\"container\">\n\t\t\t\t<div class=\"elementor-element elementor-element-b47d5fd elementor-widget elementor-widget-button\" data-id=\"b47d5fd\" data-element_type=\"widget\" data-widget_type=\"button.default\">\n\t\t\t\t<div class=\"elementor-widget-container\">\n\t\t\t\t\t\t\t\t\t<div class=\"elementor-button-wrapper\">\n\t\t\t\t\t<a class=\"elementor-button elementor-button-link elementor-size-sm\" href=\"http:\/\/skillsup-academy.com\/wp-content\/uploads\/2025\/03\/Catalogue-2025-Particuliers.pdf\">\n\t\t\t\t\t\t<span class=\"elementor-button-content-wrapper\">\n\t\t\t\t\t\t\t\t\t<span class=\"elementor-button-text\">T\u00e9l\u00e9charger le catalogue <\/span>\n\t\t\t\t\t<\/span>\n\t\t\t\t\t<\/a>\n\t\t\t\t<\/div>\n\t\t\t\t\t\t\t\t<\/div>\n\t\t\t\t<\/div>\n\t\t\t\t<\/div>\n\t\t\t\t<\/div>\n\t\t<div class=\"elementor-element elementor-element-e2f74e0 e-con-full e-flex e-con e-child\" data-id=\"e2f74e0\" data-element_type=\"container\" data-settings=\"{&quot;background_background&quot;:&quot;classic&quot;}\">\n\t\t\t\t<div class=\"elementor-element elementor-element-5760020 elementor-widget elementor-widget-button\" data-id=\"5760020\" data-element_type=\"widget\" data-widget_type=\"button.default\">\n\t\t\t\t<div class=\"elementor-widget-container\">\n\t\t\t\t\t\t\t\t\t<div class=\"elementor-button-wrapper\">\n\t\t\t\t\t<a class=\"elementor-button elementor-button-link elementor-size-sm\" href=\"https:\/\/skillsup-academy.com\/index.php\/contact\/\">\n\t\t\t\t\t\t<span class=\"elementor-button-content-wrapper\">\n\t\t\t\t\t\t\t\t\t<span class=\"elementor-button-text\">Nous contacter<\/span>\n\t\t\t\t\t<\/span>\n\t\t\t\t\t<\/a>\n\t\t\t\t<\/div>\n\t\t\t\t\t\t\t\t<\/div>\n\t\t\t\t<\/div>\n\t\t\t\t<\/div>\n\t\t\t\t\t<\/div>\n\t\t\t\t<\/div>\n\t\t\t\t<\/div>\n\t\t","protected":false},"excerpt":{"rendered":"<p>\ud83d\udd01 Nos formations Hybrides \ud83d\udd01 Entre th\u00e9orie et pratique, vivez la formation autrement \ud83e\udd1d \ud83d\udcda Nos formations hybrides allient autonomie et temps d\u2019\u00e9change en pr\u00e9sentiel ou en visio pour un apprentissage complet et efficace. \ud83e\uddd1\u200d\ud83d\udcbb Vous avancez \u00e0 votre rythme sur les contenus en ligne, tout en b\u00e9n\u00e9ficiant de s\u00e9ances interactives pour pratiquer, poser vos [&hellip;]<\/p>\n","protected":false},"author":1,"featured_media":0,"parent":0,"menu_order":0,"comment_status":"closed","ping_status":"closed","template":"","meta":{"footnotes":""},"class_list":["post-462","page","type-page","status-publish","hentry"],"_links":{"self":[{"href":"https:\/\/skillsup-academy.com\/index.php\/wp-json\/wp\/v2\/pages\/462","targetHints":{"allow":["GET"]}}],"collection":[{"href":"https:\/\/skillsup-academy.com\/index.php\/wp-json\/wp\/v2\/pages"}],"about":[{"href":"https:\/\/skillsup-academy.com\/index.php\/wp-json\/wp\/v2\/types\/page"}],"author":[{"embeddable":true,"href":"https:\/\/skillsup-academy.com\/index.php\/wp-json\/wp\/v2\/users\/1"}],"replies":[{"embeddable":true,"href":"https:\/\/skillsup-academy.com\/index.php\/wp-json\/wp\/v2\/comments?post=462"}],"version-history":[{"count":22,"href":"https:\/\/skillsup-academy.com\/index.php\/wp-json\/wp\/v2\/pages\/462\/revisions"}],"predecessor-version":[{"id":685,"href":"https:\/\/skillsup-academy.com\/index.php\/wp-json\/wp\/v2\/pages\/462\/revisions\/685"}],"wp:attachment":[{"href":"https:\/\/skillsup-academy.com\/index.php\/wp-json\/wp\/v2\/media?parent=462"}],"curies":[{"name":"wp","href":"https:\/\/api.w.org\/{rel}","templated":true}]}}