{"id":701,"date":"2025-04-02T16:40:22","date_gmt":"2025-04-02T14:40:22","guid":{"rendered":"https:\/\/skillsup-academy.com\/?page_id=701"},"modified":"2025-04-02T16:51:43","modified_gmt":"2025-04-02T14:51:43","slug":"mentions-legales","status":"publish","type":"page","link":"https:\/\/skillsup-academy.com\/index.php\/mentions-legales\/","title":{"rendered":"Mentions L\u00e9gales"},"content":{"rendered":"\t\t<div data-elementor-type=\"wp-page\" data-elementor-id=\"701\" class=\"elementor elementor-701\">\n\t\t\t\t<div class=\"elementor-element elementor-element-a130a70 e-flex e-con-boxed e-con e-parent\" data-id=\"a130a70\" data-element_type=\"container\" data-settings=\"{&quot;background_background&quot;:&quot;classic&quot;}\">\n\t\t\t\t\t<div class=\"e-con-inner\">\n\t\t<div class=\"elementor-element elementor-element-fd98325 e-con-full e-flex e-con e-child\" data-id=\"fd98325\" data-element_type=\"container\">\n\t\t\t\t<div class=\"elementor-element elementor-element-7003933 elementor-widget elementor-widget-heading\" data-id=\"7003933\" data-element_type=\"widget\" data-widget_type=\"heading.default\">\n\t\t\t\t<div class=\"elementor-widget-container\">\n\t\t\t\t\t<h2 class=\"elementor-heading-title elementor-size-default\">Mentions L\u00e9gales<\/h2>\t\t\t\t<\/div>\n\t\t\t\t<\/div>\n\t\t\t\t<\/div>\n\t\t<div class=\"elementor-element elementor-element-e1ad385 e-con-full e-flex e-con e-child\" data-id=\"e1ad385\" data-element_type=\"container\" data-settings=\"{&quot;background_background&quot;:&quot;classic&quot;}\">\n\t\t\t\t<div class=\"elementor-element elementor-element-1e82ed4 elementor-widget elementor-widget-text-editor\" data-id=\"1e82ed4\" data-element_type=\"widget\" data-widget_type=\"text-editor.default\">\n\t\t\t\t<div class=\"elementor-widget-container\">\n\t\t\t\t\t\t\t\t\t<p data-sourcepos=\"5:1-5:281\"><span class=\"citation-0\">Conform\u00e9ment aux dispositions <\/span><span class=\"citation-0 citation-1 citation-end-0\">de la loi n\u00b0 2004-575 du 21 juin 2004 pour la confiance dans l&#8217;\u00e9conomie num\u00e9rique,<\/span><span class=\"citation-1 citation-end-1\"> il est pr\u00e9cis\u00e9 aux utilisateurs du site<\/span> Skillsup-academy.com l&#8217;identit\u00e9 des diff\u00e9rents intervenants dans le cadre de sa r\u00e9alisation et de son suivi.<span class=\"button-container hide-from-message-actions ng-star-inserted\"> &nbsp; <button class=\"mat-mdc-tooltip-trigger button image-fade-on hide-from-message-actions\" aria-controls=\"sources\" aria-expanded=\"false\" aria-describedby=\"cdk-describedby-message-ng-1-31\"><\/button><\/span><\/p>\n<div class=\"container ng-tns-c3688209175-38 hide\">\n<div class=\"carousel-container ng-tns-c3688209175-38\">\n<div class=\"carousel-content ng-tns-c3688209175-38\">\n<div class=\"sources-carousel-source ng-tns-c3688209175-38 hide ng-star-inserted\" data-test-id=\"sources-carousel-source\">&nbsp;<\/div>\n<div class=\"sources-carousel-source ng-tns-c3688209175-38 hide ng-star-inserted\" data-test-id=\"sources-carousel-source\">&nbsp;<\/div>\n<\/div>\n<\/div>\n<\/div>\n<p data-sourcepos=\"7:1-7:19\"><strong>\u00c9<u>diteur du site<\/u><\/strong><\/p>\n<ul data-sourcepos=\"9:1-16:0\">\n<li data-sourcepos=\"9:1-9:40\">Nom de l&#8217;entreprise : Skillsup Academy<\/li>\n<li data-sourcepos=\"10:1-10:62\">Forme juridique : Entrepreneur individuel (micro-entreprise)<\/li>\n<li data-sourcepos=\"11:1-11:61\">Adresse du si\u00e8ge social : 7 rue Eug\u00e8ne Motte, 59100 Roubaix<\/li>\n<li data-sourcepos=\"12:1-12:38\">Num\u00e9ro de t\u00e9l\u00e9phone : 07.49.00.57.71<\/li>\n<li data-sourcepos=\"13:1-13:47\">Adresse e-mail : contact@skillsup-academy.com<\/li>\n<li data-sourcepos=\"14:1-14:26\">Num\u00e9ro SIRET : 818986119<\/li>\n<li data-sourcepos=\"15:1-16:0\">Responsable de la publication : Widad ALAOUI<\/li>\n<\/ul>\n<div><br><\/div>\n<p data-sourcepos=\"17:1-17:21\"><strong><u>H\u00e9bergeur du site<\/u><\/strong><\/p>\n<ul data-sourcepos=\"19:1-22:0\">\n<li data-sourcepos=\"19:1-19:32\">Nom <span class=\"citation-2\">de l&#8217;h\u00e9bergeur : OVH<\/span><\/li>\n<li data-sourcepos=\"20:1-20:58\"><span class=\"citation-2\">Adresse de l&#8217;h\u00e9bergeur : 2 rue Kellermann, 59100 Roubaix<\/span><\/li>\n<li data-sourcepos=\"21:1-22:0\"><span class=\"citation-2 citation-end-2\">Num\u00e9ro de t\u00e9l\u00e9phone de l&#8217;h\u00e9bergeur : 1007<\/span><\/li>\n<\/ul><div><br><\/div>\n<p data-sourcepos=\"23:1-23:28\"><strong><u>Propri\u00e9t\u00e9 intellectuelle<\/u><\/strong><\/p>\n<p data-sourcepos=\"25:1-25:455\">Tous les contenus pr\u00e9sents sur le site Skillsup-academy.com, incluant, de fa\u00e7on non limitative, les textes, images, vid\u00e9os, logos, et autres \u00e9l\u00e9ments graphiques, sont la propri\u00e9t\u00e9 exclusive de Skillsup Academy <span class=\"citation-3\">ou de ses partenaires, et sont prot\u00e9g\u00e9s par les lois relatives \u00e0 la propri\u00e9t\u00e9 intellectuelle. Toute reproduction, <\/span><span class=\"citation-3 citation-4 citation-end-3\">distribution, modification<\/span><span class=\"citation-4\"> ou utilisation de ces contenus sans autorisation pr\u00e9alable est strictement interdite.<\/span><span class=\"button-container hide-from-message-actions ng-star-inserted\"> &nbsp; <button class=\"mat-mdc-tooltip-trigger button image-fade-on hide-from-message-actions\" aria-controls=\"sources\" aria-expanded=\"false\" aria-describedby=\"cdk-describedby-message-ng-1-31\"><\/button><\/span><\/p>\n<div class=\"container ng-tns-c3688209175-40 hide\">\n<div class=\"carousel-container ng-tns-c3688209175-40\">\n<div class=\"carousel-content ng-tns-c3688209175-40\">\n<div class=\"sources-carousel-source ng-tns-c3688209175-40 hide ng-star-inserted\" data-test-id=\"sources-carousel-source\">&nbsp;<\/div>\n<\/div>\n<\/div>\n<\/div>\n<p data-sourcepos=\"27:1-27:31\"><u><strong><span class=\"citation-4\">Donn\u00e9es personnelles<\/span><\/strong><span class=\"button-container hide-from-message-actions ng-star-inserted\"> &nbsp; <button class=\"mat-mdc-tooltip-trigger button image-fade-on hide-from-message-actions\" aria-controls=\"sources\" aria-expanded=\"false\" aria-describedby=\"cdk-describedby-message-ng-1-31\"><\/button><\/span><\/u><\/p>\n<div class=\"container ng-tns-c3688209175-41 hide\">\n<div class=\"carousel-container ng-tns-c3688209175-41\">\n<div class=\"carousel-content ng-tns-c3688209175-41\">\n<div class=\"sources-carousel-source ng-tns-c3688209175-41 hide ng-star-inserted\" data-test-id=\"sources-carousel-source\">&nbsp;<\/div>\n<\/div>\n<\/div>\n<\/div>\n<p data-sourcepos=\"29:1-29:493\">Le site Skillsup-academy.com collecte et traite des donn\u00e9es personnelles dans le cadre de son fonctionnement, notamment via les formulaires de contact et les inscriptions \u00e0 <span class=\"citation-5 citation-end-5\">la newsletter. Conform\u00e9ment \u00e0 la loi n\u00b0 78-17 du 6 janvier 1978 relative \u00e0 l&#8217;informatique, aux fichiers et aux libert\u00e9s,<\/span> et au R\u00e8glement <span class=\"citation-6 citation-end-6\">G\u00e9n\u00e9ral sur la Protection des Donn\u00e9es (RGPD), vous disposez d&#8217;un droit d&#8217;acc\u00e8s, de rectification, de suppression et d&#8217;opposition aux donn\u00e9es<\/span> vous concernant.<span class=\"button-container hide-from-message-actions ng-star-inserted\"> &nbsp; <button class=\"mat-mdc-tooltip-trigger button image-fade-on hide-from-message-actions\" aria-controls=\"sources\" aria-expanded=\"false\" aria-describedby=\"cdk-describedby-message-ng-1-31\"><\/button><\/span><\/p>\n<div class=\"container ng-tns-c3688209175-42 hide\">\n<div class=\"carousel-container ng-tns-c3688209175-42\">\n<div class=\"carousel-content ng-tns-c3688209175-42\">\n<div class=\"sources-carousel-source ng-tns-c3688209175-42 hide ng-star-inserted\" data-test-id=\"sources-carousel-source\">&nbsp;<\/div>\n<div class=\"sources-carousel-source ng-tns-c3688209175-42 hide ng-star-inserted\" data-test-id=\"sources-carousel-source\">&nbsp;<\/div>\n<\/div>\n<\/div>\n<\/div>\n<ul data-sourcepos=\"31:1-34:0\">\n<li data-sourcepos=\"31:1-31:175\">Les donn\u00e9es collect\u00e9es via les formulaires de contact sont utilis\u00e9es dans le but de vous envoyer les documents n\u00e9cessaires relatifs aux formations et informations demand\u00e9es.<\/li>\n<li data-sourcepos=\"32:1-32:194\">Les adresses e-mail collect\u00e9es via les inscriptions \u00e0 la newsletter sont utilis\u00e9es pour vous envoyer des informations et des offres relatives aux formations propos\u00e9es par Skillsup-academy.com.<\/li>\n<li data-sourcepos=\"33:1-34:0\">Vos donn\u00e9es ne seront en aucun cas transmises \u00e0 des tiers sans votre consentement explicite.<\/li>\n<\/ul><div><br><\/div>\n<p data-sourcepos=\"35:1-35:194\"><span class=\"citation-7 citation-end-7\">Pour exercer vos droits ou pour toute question relative \u00e0 la gestion de vos donn\u00e9es personnelles, veuillez nous contacter \u00e0<\/span> l&#8217;adresse e-mail suivante : contact@skillsup-academy.com.<span class=\"button-container hide-from-message-actions ng-star-inserted\"> &nbsp; <button class=\"mat-mdc-tooltip-trigger button image-fade-on hide-from-message-actions\" aria-controls=\"sources\" aria-expanded=\"false\" aria-describedby=\"cdk-describedby-message-ng-1-31\"><\/button><\/span><\/p>\n<div class=\"container ng-tns-c3688209175-43 hide\">\n<div class=\"carousel-container ng-tns-c3688209175-43\">\n<div class=\"carousel-content ng-tns-c3688209175-43\">\n<div class=\"sources-carousel-source ng-tns-c3688209175-43 hide ng-star-inserted\" data-test-id=\"sources-carousel-source\">&nbsp;<\/div>\n<\/div>\n<\/div>\n<\/div>\n<p data-sourcepos=\"37:1-37:11\"><strong><u>Cookies<\/u><\/strong><\/p>\n<p data-sourcepos=\"39:1-39:210\">Le site Skillsup-academy.com <span class=\"citation-8 citation-end-8\">utilise des cookies pour am\u00e9liorer l&#8217;exp\u00e9rience utilisateur. En naviguant sur ce site, vous acceptez l&#8217;utilisation de cookies conform\u00e9ment \u00e0 notre politique de cookies.<\/span><span class=\"button-container hide-from-message-actions ng-star-inserted\"> &nbsp; <button class=\"mat-mdc-tooltip-trigger button image-fade-on hide-from-message-actions\" aria-controls=\"sources\" aria-expanded=\"false\" aria-describedby=\"cdk-describedby-message-ng-1-31\"><\/button><\/span><\/p>\n<div class=\"container ng-tns-c3688209175-44 hide\">\n<div class=\"carousel-container ng-tns-c3688209175-44\">\n<div class=\"carousel-content ng-tns-c3688209175-44\">\n<div class=\"sources-carousel-source ng-tns-c3688209175-44 hide ng-star-inserted\" data-test-id=\"sources-carousel-source\">&nbsp;<\/div>\n<\/div>\n<\/div>\n<\/div>\n<p data-sourcepos=\"41:1-41:46\"><strong><u>Droit applicable et juridiction comp\u00e9tente<\/u><\/strong><\/p>\n<p data-sourcepos=\"43:1-43:161\">Tout litige en relation avec l&#8217;utilisation du site Skillsup-academy.com est soumis au droit fran\u00e7ais. Les tribunaux comp\u00e9tents seront ceux du ressort de Roubaix.<\/p>\n<p data-sourcepos=\"45:1-45:32\"><strong><u>Informations suppl\u00e9mentaires<\/u><\/strong><\/p>\n<p data-sourcepos=\"47:1-47:137\">Pour toute question ou information compl\u00e9mentaire, vous pouvez nous contacter \u00e0 l&#8217;adresse e-mail suivante : contact@skillsup-academy.com.<\/p>\t\t\t\t\t\t\t\t<\/div>\n\t\t\t\t<\/div>\n\t\t\t\t<\/div>\n\t\t\t\t\t<\/div>\n\t\t\t\t<\/div>\n\t\t\t\t<\/div>\n\t\t","protected":false},"excerpt":{"rendered":"<p>Mentions L\u00e9gales Conform\u00e9ment aux dispositions de la loi n\u00b0 2004-575 du 21 juin 2004 pour la confiance dans l&#8217;\u00e9conomie num\u00e9rique, il est pr\u00e9cis\u00e9 aux utilisateurs du site Skillsup-academy.com l&#8217;identit\u00e9 des diff\u00e9rents intervenants dans le cadre de sa r\u00e9alisation et de son suivi. &nbsp; &nbsp; &nbsp; \u00c9diteur du site Nom de l&#8217;entreprise : Skillsup Academy Forme [&hellip;]<\/p>\n","protected":false},"author":1,"featured_media":0,"parent":0,"menu_order":0,"comment_status":"closed","ping_status":"closed","template":"","meta":{"footnotes":""},"class_list":["post-701","page","type-page","status-publish","hentry"],"_links":{"self":[{"href":"https:\/\/skillsup-academy.com\/index.php\/wp-json\/wp\/v2\/pages\/701","targetHints":{"allow":["GET"]}}],"collection":[{"href":"https:\/\/skillsup-academy.com\/index.php\/wp-json\/wp\/v2\/pages"}],"about":[{"href":"https:\/\/skillsup-academy.com\/index.php\/wp-json\/wp\/v2\/types\/page"}],"author":[{"embeddable":true,"href":"https:\/\/skillsup-academy.com\/index.php\/wp-json\/wp\/v2\/users\/1"}],"replies":[{"embeddable":true,"href":"https:\/\/skillsup-academy.com\/index.php\/wp-json\/wp\/v2\/comments?post=701"}],"version-history":[{"count":4,"href":"https:\/\/skillsup-academy.com\/index.php\/wp-json\/wp\/v2\/pages\/701\/revisions"}],"predecessor-version":[{"id":705,"href":"https:\/\/skillsup-academy.com\/index.php\/wp-json\/wp\/v2\/pages\/701\/revisions\/705"}],"wp:attachment":[{"href":"https:\/\/skillsup-academy.com\/index.php\/wp-json\/wp\/v2\/media?parent=701"}],"curies":[{"name":"wp","href":"https:\/\/api.w.org\/{rel}","templated":true}]}}